{"id":144,"date":"2017-09-12T22:57:53","date_gmt":"2017-09-12T20:57:53","guid":{"rendered":"https:\/\/club-dpf.fr\/?page_id=144"},"modified":"2017-10-31T22:23:00","modified_gmt":"2017-10-31T21:23:00","slug":"test-association","status":"publish","type":"page","link":"https:\/\/club-dpf.fr\/?page_id=144","title":{"rendered":"Histoire"},"content":{"rendered":"<p>Dardilly Poudre et Fl\u00e8ches est un club de tir, n\u00e9 en 1983 de la volont\u00e9 de quelques Dardillois qui souhaitaient pouvoir pratiquer le tir sportif comme sport de loisir. Le Fort du Paillet, devenu propri\u00e9t\u00e9 de la Commune, a imm\u00e9diatement int\u00e9ress\u00e9 l&rsquo;association qui a eu l&rsquo;autorisation d&rsquo;y am\u00e9nager des stands de tir, en tr\u00e8s majeur partie \u00e0 ses frais avec une extraordinaire implication de ses premiers b\u00e9n\u00e9voles.<\/p>\n<p>L&rsquo;association a donc install\u00e9 dans la poudri\u00e8re du Fort, un stand 10m pour le tir \u00e0 air comprim\u00e9 et dans des salles d\u00e9di\u00e9es autrefois au stockage et \u00e0 la pr\u00e9paration des obus des canons du Fort, un stand de tir aux armes de poing (d&rsquo;une dimension non homologable de 18m) et un avant stand o\u00f9 le \u00ab Nescaf\u00e9 \u00bb convivial devient un palliatif r\u00e9gulier \u00e0 l&rsquo;inhospitalit\u00e9 des lieux.<\/p>\n<p>Les activit\u00e9s de tir \u00e0 l&rsquo;arc, pr\u00e9sentes au d\u00e9part sous la forme d&rsquo;une section, encore illustr\u00e9e dans le libell\u00e9 du Club, et qui n\u00e9cessitaient l&rsquo;adh\u00e9sion \u00e0 une seconde F\u00e9d\u00e9ration, furent bient\u00f4t abandonn\u00e9es, les Archers de Dardilly ayant entre temps pris l&rsquo;essor que l&rsquo;on conna\u00eet.<br \/>\nPar contre, l&rsquo;activit\u00e9 de tir \u00e0 l&rsquo;arbal\u00e8te (d\u00e9pendant de la F\u00e9d\u00e9ration Fran\u00e7aise de tir) restait dans les potentiels de l&rsquo;association et s&rsquo;est finalement concr\u00e9tis\u00e9e en 2017.<\/p>\n<p>La fermeture du stand de l&rsquo;ASPTT ayant eu pour cons\u00e9quence en 2003 l&rsquo;adh\u00e9sion d&rsquo;un petit groupe de comp\u00e9titeurs de ce club, une petite activit\u00e9 de tir de comp\u00e9tition vit le jour avec des r\u00e9ussites tr\u00e8s respectables.<\/p>\n<p>Le projet d&rsquo;installer un club house dans la redoute d\u00e9fendant les foss\u00e9s a certes fait long feu, mais l&rsquo;\u00e9nergie de cette poign\u00e9e de b\u00e9n\u00e9voles entreprenants fut \u00e0 l&rsquo;origine de l&rsquo;homologation en 2007 du stand ext\u00e9rieur 25 et 50m, dans les foss\u00e9s du Fort, permettant le tir aux armes de poing et d&rsquo;\u00e9paules et la pratique de la poudre noire &#8230;<\/p>\n<p>Les effectifs du club (y compris second club) ont connu l&rsquo;\u00e9volution suivante, ces derni\u00e8res ann\u00e9es :<\/p>\n<ul>\n<li>2005\u00a0\u00a0 \u00a0\u00a0 3 6 membres<\/li>\n<li>2006\u00a0 \u00a0 \u00a0\u00a0 35 membres<\/li>\n<li>2007\u00a0\u00a0\u00a0\u00a0 \u00a0 35 membres<\/li>\n<li>2008\u00a0\u00a0\u00a0\u00a0\u00a0\u00a0 31 membres<\/li>\n<li>2009\u00a0\u00a0\u00a0\u00a0\u00a0 39 membres<\/li>\n<li>2010\u00a0\u00a0\u00a0\u00a0\u00a0\u00a0 46 membres<\/li>\n<li>2011\u00a0\u00a0\u00a0\u00a0\u00a0\u00a0\u00a0 56 membres<\/li>\n<li>2012\u00a0\u00a0\u00a0\u00a0\u00a0\u00a0 52 membres<\/li>\n<li>2013\u00a0\u00a0 \u00a0\u00a0\u00a0 59 membres<\/li>\n<li>2014\u00a0 \u00a0 \u00a0\u00a0 67 membres<\/li>\n<li>2015 \u00a0 \u00a0\u00a0\u00a0 81 membres<\/li>\n<li>2016\u00a0\u00a0\u00a0\u00a0\u00a0\u00a0 89 membres<\/li>\n<li>2017\u00a0\u00a0\u00a0\u00a0 102 membres<\/li>\n<\/ul>\n<p>Soit une progression spectaculaire rendue possible par l&rsquo;am\u00e9lioration des \u00e9quipements.<\/p>\n","protected":false},"excerpt":{"rendered":"<p>Dardilly Poudre et Fl\u00e8ches est un club de tir, n\u00e9 en 1983 de la volont\u00e9 de quelques Dardillois qui souhaitaient pouvoir pratiquer le tir sportif comme sport de loisir. Le Fort du Paillet, devenu propri\u00e9t\u00e9 de la Commune, a imm\u00e9diatement int\u00e9ress\u00e9 l&rsquo;association qui a eu l&rsquo;autorisation d&rsquo;y am\u00e9nager des stands de tir, en tr\u00e8s majeur &hellip; <\/p>\n<p class=\"link-more\"><a href=\"https:\/\/club-dpf.fr\/?page_id=144\" class=\"more-link\">Continuer la lecture<span class=\"screen-reader-text\"> de &laquo;&nbsp;Histoire&nbsp;&raquo;<\/span><\/a><\/p>\n","protected":false},"author":1,"featured_media":0,"parent":39,"menu_order":0,"comment_status":"closed","ping_status":"closed","template":"","meta":{"footnotes":""},"class_list":["post-144","page","type-page","status-publish","hentry"],"_links":{"self":[{"href":"https:\/\/club-dpf.fr\/index.php?rest_route=\/wp\/v2\/pages\/144","targetHints":{"allow":["GET"]}}],"collection":[{"href":"https:\/\/club-dpf.fr\/index.php?rest_route=\/wp\/v2\/pages"}],"about":[{"href":"https:\/\/club-dpf.fr\/index.php?rest_route=\/wp\/v2\/types\/page"}],"author":[{"embeddable":true,"href":"https:\/\/club-dpf.fr\/index.php?rest_route=\/wp\/v2\/users\/1"}],"replies":[{"embeddable":true,"href":"https:\/\/club-dpf.fr\/index.php?rest_route=%2Fwp%2Fv2%2Fcomments&post=144"}],"version-history":[{"count":4,"href":"https:\/\/club-dpf.fr\/index.php?rest_route=\/wp\/v2\/pages\/144\/revisions"}],"predecessor-version":[{"id":152,"href":"https:\/\/club-dpf.fr\/index.php?rest_route=\/wp\/v2\/pages\/144\/revisions\/152"}],"up":[{"embeddable":true,"href":"https:\/\/club-dpf.fr\/index.php?rest_route=\/wp\/v2\/pages\/39"}],"wp:attachment":[{"href":"https:\/\/club-dpf.fr\/index.php?rest_route=%2Fwp%2Fv2%2Fmedia&parent=144"}],"curies":[{"name":"wp","href":"https:\/\/api.w.org\/{rel}","templated":true}]}}