{"id":150,"date":"2017-09-12T23:08:07","date_gmt":"2017-09-12T21:08:07","guid":{"rendered":"https:\/\/club-dpf.fr\/?page_id=150"},"modified":"2017-10-31T22:11:10","modified_gmt":"2017-10-31T21:11:10","slug":"projet","status":"publish","type":"page","link":"https:\/\/club-dpf.fr\/?page_id=150","title":{"rendered":"Projet Associatif"},"content":{"rendered":"<p>DPF est d&rsquo;apr\u00e8s ses statuts et conform\u00e9ment \u00e0 son histoire, une association de b\u00e9n\u00e9voles d\u00e9di\u00e9e \u00e0 faciliter \u00e0 ses membres l&rsquo;acc\u00e8s \u00e0 la pratique du tir sportif de loisir &#8211; et de comp\u00e9tition si souhait\u00e9 &#8211; au sein de la F\u00e9d\u00e9ration Fran\u00e7aise de Tir.<\/p>\n<p>L&rsquo;association et ses membres adh\u00e8rent aux valeurs :<\/p>\n<ul>\n<li>de ma\u00eetrise et d&rsquo;affirmation de soi, de concentration, d&rsquo;apprentissage de l&rsquo;humilit\u00e9 et de la recherche d&rsquo;une continuelle progression personnelle, propres au tir sportif,<\/li>\n<li>de strict respect des r\u00e8gles de s\u00e9curit\u00e9 dans la manipulation et l&rsquo;usage des armes et des munitions,<\/li>\n<li>de respect de la loi, notamment de la l\u00e9gislation sur les armes,<\/li>\n<li>de mise en commun de moyens de bon niveau permettant \u00e0 tout un chacun d&rsquo;acc\u00e9der \u00e0 ce sport dans des conditions \u00e9conomiques mod\u00e9r\u00e9es, sans avoir forcement besoin d&rsquo;investir personnellement dans des mat\u00e9riels co\u00fbteux,<\/li>\n<li>de b\u00e9n\u00e9volat et de participation de tous aux t\u00e2ches d&rsquo;am\u00e9lioration ou d&rsquo;entretien facilitant les \u00e9changes relationnels et permettant de concentrer les moyens financiers sur l&rsquo;am\u00e9lioration des \u00e9quipements et la facilitation de l&rsquo;acc\u00e8s \u00e0 ce sport,<\/li>\n<li>de respect des personnes, d&rsquo;\u00e9galit\u00e9 des sexes, de mixit\u00e9 sociale et g\u00e9n\u00e9rationnelle entre adolescents, jeunes adultes, adultes et seniors, de recherche de convivialit\u00e9 et de liens sociaux autour de la pratique du tir sportif, accessible \u00e0 tous (quel que soit l&rsquo;\u00e2ge, le sexe, ou l&rsquo;origine sociale) et o\u00f9 chacun peut chercher \u00e0 s&rsquo;am\u00e9liorer sans cesse et trouver aupr\u00e8s des autres, conseils et \u00e9change d&rsquo;exp\u00e9rience,<\/li>\n<li>de d\u00e9mocratie associative exemplaire, sans pr\u00e9jug\u00e9s, ni exclusives.<\/li>\n<\/ul>\n<p>L&rsquo;action de l&rsquo;association vise donc \u00e0 fournir :<\/p>\n<ul>\n<li>des installations s\u00e9curis\u00e9es disponibles pendant des heures de permanence d\u00e9finies,<\/li>\n<li>des armes de pr\u00eats de qualit\u00e9,<\/li>\n<li>un encadrement responsable, exp\u00e9riment\u00e9 et si possible dipl\u00f4m\u00e9,<\/li>\n<li>la possibilit\u00e9 d&rsquo;acheter sur place des consommables \u00e0 des prix concurrentiels (cibles, munitions),<\/li>\n<li>l&rsquo;acc\u00e8s aux formations organis\u00e9es par la Ligue du Lyonnais, selon les comp\u00e9tences reconnues,<\/li>\n<li>l&rsquo;acc\u00e8s \u00e0 la comp\u00e9tition avec une prise en charge des frais d&rsquo;inscription aux comp\u00e9titions FFT et une participation financi\u00e8re \u00e0 certaines d\u00e9penses collat\u00e9rales (frais de d\u00e9placement),<\/li>\n<li>un cadre convivial favorisant les relations, fond\u00e9 sur le b\u00e9n\u00e9volat et la participation du plus grand nombre des membres \u00e0 :\n<ul>\n<li>l&rsquo;entretien des installations,<\/li>\n<li>l&rsquo;entretien des armes,<\/li>\n<li>une f\u00eate annuelle sous la forme d&rsquo;une comp\u00e9tition amicale interne de tir et d&rsquo;un repas partag\u00e9.<\/li>\n<\/ul>\n<\/li>\n<\/ul>\n<p>L&rsquo;association est consciente de ses responsabilit\u00e9s\u00a0d&rsquo;encadrement de d\u00e9butants, souvent mineurs, qui d\u00e9couvrent des armes et leur utilisation. Elle entend y faire face :<\/p>\n<ul>\n<li>en limitant l&rsquo;age des mineurs accept\u00e9s \u00e0 au moins 12 ans,<\/li>\n<li>en imposant la licence et l&rsquo;assurance incluse de la F\u00e9d\u00e9ration Fran\u00e7aise de Tir, sauf pour les essais ou les op\u00e9rations portes ouvertes (en accord avec la f\u00e9d\u00e9ration et son assureur qui couvre \u00e9galement ces cas),<\/li>\n<li>en pr\u00f4nant un strict respect des r\u00e8gles de s\u00e9curit\u00e9 : une arme doit toujours \u00eatre consid\u00e9r\u00e9e comme charg\u00e9e et dangereuse pour soi et pour autrui : elle ne doit jamais \u00eatre dirig\u00e9e vers quelqu&rsquo;un et n&rsquo;est pas un jouet et ne doit jamais \u00eatre consid\u00e9r\u00e9e comme tel,<\/li>\n<li>en canalisant les d\u00e9butants sur le tir 10m (Air comprim\u00e9) o\u00f9 elle est en mesure de fournir un encadrement pour 5 postes de tir o\u00f9 elle inculque les r\u00e8gles de s\u00e9curit\u00e9 et les fondamentaux du tir de pr\u00e9cision, en accord avec les programmes p\u00e9dagogiques de la F\u00e9d\u00e9ration,<\/li>\n<li>en formant, autant que faire se peut, ses animateurs et initiateurs via les stages dipl\u00f4mants de la F\u00e9d\u00e9ration Fran\u00e7aise de Tir,<\/li>\n<li>en demandant \u00e0 l&rsquo;inscription un certificat m\u00e9dical d&rsquo;aptitude,<\/li>\n<li>en faisant signer \u00e0 l&rsquo;inscription un document \u00ab Limites de Responsabilit\u00e9s, R\u00e8gles de S\u00e9curit\u00e9 et R\u00e8glement Interne \u00bb d\u00e9finissant clairement les r\u00e8gles et responsabilit\u00e9s.<\/li>\n<\/ul>\n<p>Elle refuse par contre, autant pour elle que pour ses b\u00e9n\u00e9voles, la responsabilit\u00e9 de \u00ab\u00a0garde d&rsquo;enfant mineur\u00a0\u00bb car les permanents, tout \u00e0 leur t\u00e2che de pr\u00e9vention et d&rsquo;apprentissage, ne peuvent se consacrer, en plus, aux va-et-vient d&rsquo;enfants, accompagn\u00e9s ou non. Les parents sont donc pr\u00e9venus par le document \u00ab\u00a0Limites de responsabilit\u00e9s\u00a0\u00bb que leurs enfants ne sont accept\u00e9s que s&rsquo;ils restent juridiquement sous la garde de leurs parents, qui peuvent donc assister aux s\u00e9ances ou attendre leurs enfants \u00e0 l&rsquo;ext\u00e9rieur du fort.<\/p>\n<p>L&rsquo;association est \u00e9galement consciente qu&rsquo;enseigner le tir ou permettre \u00e0 une personne de devenir plus comp\u00e9tente dans le maniement d&rsquo;armes peut avoir des cons\u00e9quences si cette personne pr\u00e9sente des troubles psychiques ou a des intentions ill\u00e9gales. C&rsquo;est pourquoi l&rsquo;inscription d&rsquo;un nouveau membre est toujours soumise \u00e0 la d\u00e9cision souveraine du bureau de l&rsquo;association, sans pr\u00e9jug\u00e9s, ni exclusives, apr\u00e8s un essai permettant de jauger l&rsquo;attitude et l&rsquo;aptitude du candidat et sur la pr\u00e9sentation d&rsquo;un certificat m\u00e9dical et en principe 2 parrainages, membres de l&rsquo;association, ou \u00e0 d\u00e9faut pour les majeurs d&rsquo;un extrait de casier judiciaire et pour les mineurs un accord parental. La licence doit \u00eatre sign\u00e9e chaque ann\u00e9e par un m\u00e9decin qui atteste que l&rsquo;\u00e9tat psychique du membre n&rsquo;est pas incompatible avec l&rsquo;acc\u00e8s \u00e0 des armes. Enfin la f\u00e9d\u00e9ration via son syst\u00e8me informatique s&rsquo;assure que les licenci\u00e9s ne sont pas interdits par la justice d&rsquo;acc\u00e8s \u00e0 des armes.<\/p>\n","protected":false},"excerpt":{"rendered":"<p>DPF est d&rsquo;apr\u00e8s ses statuts et conform\u00e9ment \u00e0 son histoire, une association de b\u00e9n\u00e9voles d\u00e9di\u00e9e \u00e0 faciliter \u00e0 ses membres l&rsquo;acc\u00e8s \u00e0 la pratique du tir sportif de loisir &#8211; et de comp\u00e9tition si souhait\u00e9 &#8211; au sein de la F\u00e9d\u00e9ration Fran\u00e7aise de Tir. L&rsquo;association et ses membres adh\u00e8rent aux valeurs : de ma\u00eetrise et &hellip; <\/p>\n<p class=\"link-more\"><a href=\"https:\/\/club-dpf.fr\/?page_id=150\" class=\"more-link\">Continuer la lecture<span class=\"screen-reader-text\"> de &laquo;&nbsp;Projet Associatif&nbsp;&raquo;<\/span><\/a><\/p>\n","protected":false},"author":1,"featured_media":0,"parent":39,"menu_order":0,"comment_status":"closed","ping_status":"closed","template":"","meta":{"footnotes":""},"class_list":["post-150","page","type-page","status-publish","hentry"],"_links":{"self":[{"href":"https:\/\/club-dpf.fr\/index.php?rest_route=\/wp\/v2\/pages\/150","targetHints":{"allow":["GET"]}}],"collection":[{"href":"https:\/\/club-dpf.fr\/index.php?rest_route=\/wp\/v2\/pages"}],"about":[{"href":"https:\/\/club-dpf.fr\/index.php?rest_route=\/wp\/v2\/types\/page"}],"author":[{"embeddable":true,"href":"https:\/\/club-dpf.fr\/index.php?rest_route=\/wp\/v2\/users\/1"}],"replies":[{"embeddable":true,"href":"https:\/\/club-dpf.fr\/index.php?rest_route=%2Fwp%2Fv2%2Fcomments&post=150"}],"version-history":[{"count":4,"href":"https:\/\/club-dpf.fr\/index.php?rest_route=\/wp\/v2\/pages\/150\/revisions"}],"predecessor-version":[{"id":166,"href":"https:\/\/club-dpf.fr\/index.php?rest_route=\/wp\/v2\/pages\/150\/revisions\/166"}],"up":[{"embeddable":true,"href":"https:\/\/club-dpf.fr\/index.php?rest_route=\/wp\/v2\/pages\/39"}],"wp:attachment":[{"href":"https:\/\/club-dpf.fr\/index.php?rest_route=%2Fwp%2Fv2%2Fmedia&parent=150"}],"curies":[{"name":"wp","href":"https:\/\/api.w.org\/{rel}","templated":true}]}}