{"id":158,"date":"2017-09-12T23:25:17","date_gmt":"2017-09-12T21:25:17","guid":{"rendered":"https:\/\/club-dpf.fr\/?page_id=158"},"modified":"2017-10-31T22:37:58","modified_gmt":"2017-10-31T21:37:58","slug":"actions","status":"publish","type":"page","link":"https:\/\/club-dpf.fr\/?page_id=158","title":{"rendered":"Actions"},"content":{"rendered":"<h1>Actions pour faciliter l&rsquo;acc\u00e8s au tir sportif<\/h1>\n<p>Le tir sportif est par excellence un sport \u00e9galitaire qui ne n\u00e9cessite pas de moyens physiques exceptionnels et qui est donc facilement accessible quel que soit l&rsquo;\u00e2ge ou le sexe.<\/p>\n<p>Par ailleurs, la ma\u00eetrise de soi et la concentration qu&rsquo;il demande, la rigueur qu&rsquo;il impose dans le maniement d&rsquo;une arme, la constante recherche d&rsquo;une progression individuelle qu&rsquo;il implique, sont autant de qualit\u00e9s qu&rsquo;il permet de d\u00e9velopper et d&rsquo;entretenir.<\/p>\n<p>Le tir sportif est donc un sport accessible :<\/p>\n<ul>\n<li>aux jeunes auxquels il apporte concentration, pers\u00e9v\u00e9rance, affirmation de soi et rigueur.<\/li>\n<li>aux femmes qui y excellent souvent et qui ont souvent des difficult\u00e9s \u00e0 s&rsquo;adonner \u00e0 des activit\u00e9s sportives,<\/li>\n<li>aux seniors pour lesquels il repr\u00e9sente un facteur de sant\u00e9 et de lien social.<\/li>\n<\/ul>\n<p>Nous avons donc retenu ces 3 axes de d\u00e9veloppement :<\/p>\n<p>Les seniors repr\u00e9sentant de l&rsquo;ordre du tiers de notre effectif, nous menons donc une sorte de discrimination positive pour favoriser l&rsquo;inscription de jeunes de moins de 20a et de personnes de sexe f\u00e9minin.<\/p>\n<p>&nbsp;<\/p>\n","protected":false},"excerpt":{"rendered":"<p>Actions pour faciliter l&rsquo;acc\u00e8s au tir sportif Le tir sportif est par excellence un sport \u00e9galitaire qui ne n\u00e9cessite pas de moyens physiques exceptionnels et qui est donc facilement accessible quel que soit l&rsquo;\u00e2ge ou le sexe. Par ailleurs, la ma\u00eetrise de soi et la concentration qu&rsquo;il demande, la rigueur qu&rsquo;il impose dans le maniement &hellip; <\/p>\n<p class=\"link-more\"><a href=\"https:\/\/club-dpf.fr\/?page_id=158\" class=\"more-link\">Continuer la lecture<span class=\"screen-reader-text\"> de &laquo;&nbsp;Actions&nbsp;&raquo;<\/span><\/a><\/p>\n","protected":false},"author":1,"featured_media":0,"parent":39,"menu_order":0,"comment_status":"closed","ping_status":"closed","template":"","meta":{"footnotes":""},"class_list":["post-158","page","type-page","status-publish","hentry"],"_links":{"self":[{"href":"https:\/\/club-dpf.fr\/index.php?rest_route=\/wp\/v2\/pages\/158","targetHints":{"allow":["GET"]}}],"collection":[{"href":"https:\/\/club-dpf.fr\/index.php?rest_route=\/wp\/v2\/pages"}],"about":[{"href":"https:\/\/club-dpf.fr\/index.php?rest_route=\/wp\/v2\/types\/page"}],"author":[{"embeddable":true,"href":"https:\/\/club-dpf.fr\/index.php?rest_route=\/wp\/v2\/users\/1"}],"replies":[{"embeddable":true,"href":"https:\/\/club-dpf.fr\/index.php?rest_route=%2Fwp%2Fv2%2Fcomments&post=158"}],"version-history":[{"count":4,"href":"https:\/\/club-dpf.fr\/index.php?rest_route=\/wp\/v2\/pages\/158\/revisions"}],"predecessor-version":[{"id":163,"href":"https:\/\/club-dpf.fr\/index.php?rest_route=\/wp\/v2\/pages\/158\/revisions\/163"}],"up":[{"embeddable":true,"href":"https:\/\/club-dpf.fr\/index.php?rest_route=\/wp\/v2\/pages\/39"}],"wp:attachment":[{"href":"https:\/\/club-dpf.fr\/index.php?rest_route=%2Fwp%2Fv2%2Fmedia&parent=158"}],"curies":[{"name":"wp","href":"https:\/\/api.w.org\/{rel}","templated":true}]}}