{"id":39,"date":"2017-09-11T22:15:17","date_gmt":"2017-09-11T20:15:17","guid":{"rendered":"https:\/\/club-dpf.fr\/?page_id=39"},"modified":"2017-10-31T22:07:19","modified_gmt":"2017-10-31T21:07:19","slug":"association","status":"publish","type":"page","link":"https:\/\/club-dpf.fr\/?page_id=39","title":{"rendered":"Association"},"content":{"rendered":"<p>La finalit\u00e9 de l&rsquo;Association Dardilly Poudre &amp; Fl\u00e8ches est de faciliter \u00e0 ses membres la pratique du tir sportif et elle s\u2019appuie uniquement sur l&rsquo;ensemble de ses b\u00e9n\u00e9voles pour assumer cet objectif.<\/p>\n<p>Pour ce faire, elle dispose au Fort du Paillet<\/p>\n<ul>\n<li>de locaux pr\u00eat\u00e9s par la Mairie de Dardilly dans le cadre d&rsquo;une convention de mise \u00e0 disposition,<\/li>\n<li>d&rsquo;installations de tir, homologu\u00e9es par la F\u00e9d\u00e9ration Fran\u00e7aise de Tir, qu&rsquo;elle a con\u00e7ues, r\u00e9alis\u00e9es et install\u00e9es et qu&rsquo;elle fait \u00e9voluer chaque ann\u00e9e,<\/li>\n<li>d&rsquo;armes de pr\u00eat de bonne facture,<\/li>\n<li>d&rsquo;encadrants b\u00e9n\u00e9voles, form\u00e9s et dipl\u00f4m\u00e9s,<\/li>\n<li>de stocks de consommables pour simplifier la vie des tireurs,<\/li>\n<li>de lieux de convivialit\u00e9 o\u00f9 il fait bon de prendre une boisson chaude dans une ambiance sympathique.<\/li>\n<\/ul>\n","protected":false},"excerpt":{"rendered":"<p>La finalit\u00e9 de l&rsquo;Association Dardilly Poudre &amp; Fl\u00e8ches est de faciliter \u00e0 ses membres la pratique du tir sportif et elle s\u2019appuie uniquement sur l&rsquo;ensemble de ses b\u00e9n\u00e9voles pour assumer cet objectif. Pour ce faire, elle dispose au Fort du Paillet de locaux pr\u00eat\u00e9s par la Mairie de Dardilly dans le cadre d&rsquo;une convention de &hellip; <\/p>\n<p class=\"link-more\"><a href=\"https:\/\/club-dpf.fr\/?page_id=39\" class=\"more-link\">Continuer la lecture<span class=\"screen-reader-text\"> de &laquo;&nbsp;Association&nbsp;&raquo;<\/span><\/a><\/p>\n","protected":false},"author":1,"featured_media":0,"parent":0,"menu_order":0,"comment_status":"closed","ping_status":"closed","template":"","meta":{"footnotes":""},"class_list":["post-39","page","type-page","status-publish","hentry"],"_links":{"self":[{"href":"https:\/\/club-dpf.fr\/index.php?rest_route=\/wp\/v2\/pages\/39","targetHints":{"allow":["GET"]}}],"collection":[{"href":"https:\/\/club-dpf.fr\/index.php?rest_route=\/wp\/v2\/pages"}],"about":[{"href":"https:\/\/club-dpf.fr\/index.php?rest_route=\/wp\/v2\/types\/page"}],"author":[{"embeddable":true,"href":"https:\/\/club-dpf.fr\/index.php?rest_route=\/wp\/v2\/users\/1"}],"replies":[{"embeddable":true,"href":"https:\/\/club-dpf.fr\/index.php?rest_route=%2Fwp%2Fv2%2Fcomments&post=39"}],"version-history":[{"count":3,"href":"https:\/\/club-dpf.fr\/index.php?rest_route=\/wp\/v2\/pages\/39\/revisions"}],"predecessor-version":[{"id":157,"href":"https:\/\/club-dpf.fr\/index.php?rest_route=\/wp\/v2\/pages\/39\/revisions\/157"}],"wp:attachment":[{"href":"https:\/\/club-dpf.fr\/index.php?rest_route=%2Fwp%2Fv2%2Fmedia&parent=39"}],"curies":[{"name":"wp","href":"https:\/\/api.w.org\/{rel}","templated":true}]}}