{"id":7,"date":"2017-09-11T22:02:27","date_gmt":"2017-09-11T20:02:27","guid":{"rendered":"https:\/\/club-dpf.fr\/?page_id=7"},"modified":"2024-09-22T18:50:21","modified_gmt":"2024-09-22T16:50:21","slug":"accueil","status":"publish","type":"page","link":"https:\/\/club-dpf.fr\/","title":{"rendered":"Accueil"},"content":{"rendered":"\n<div class=\"wp-block-group is-nowrap is-layout-flex wp-container-core-group-is-layout-1 wp-block-group-is-layout-flex\">\n<figure class=\"wp-block-image size-full is-resized\"><img loading=\"lazy\" decoding=\"async\" width=\"300\" height=\"225\" src=\"https:\/\/club-dpf.fr\/wp-content\/uploads\/2017\/09\/photo_09m.jpg\" alt=\"Carabinier Stand 10m\" class=\"wp-image-90\" style=\"aspect-ratio:1.3333333333333333;width:379px;height:auto\"\/><\/figure>\n\n\n\n<p class=\"wp-container-content-1\">Comme beaucoup de clubs de tir sportif, nous avons tr\u00e8s peu de places qui se lib\u00e8rent en d\u00e9but de saison.<br>Une liste d&rsquo;attente a \u00e9t\u00e9 mise en place. Afin de vous inscrire sur cette liste, vous devrez nous retourner le dossier d&rsquo;inscription complet. N&rsquo;h\u00e9sitez pas \u00e0 nous contact par email afin que l&rsquo;on puisse vous le faire parvenir.<br>Les jeunes de moins de 20ans, sont prioritaires vis-\u00e0-vis de cette liste.<\/p>\n<\/div>\n\n\n\n<hr class=\"wp-block-separator has-alpha-channel-opacity\"\/>\n\n\n\n<div class=\"wp-block-group is-nowrap is-layout-flex wp-container-core-group-is-layout-2 wp-block-group-is-layout-flex\">\n<p class=\"wp-container-content-2\">Pour la saison 2024-2025, nous favoriserons encore plus particuli\u00e8rement, les candidatures des jeunes 12 \u00e0 20 ans, notamment sur 3 disciplines : le tir Carabine 10m, le tir Arbal\u00e8te Field 18 m et le tir Carabine 50m avec un projet de cible biathlon. Le tir sportif n&rsquo;est pas,  r\u00e9serv\u00e9 aux gar\u00e7ons, les filles sont les bienvenues !<br>Les qualit\u00e9s que d\u00e9veloppement notre sport : concentration, ma\u00eetrise de son corps, de sa respiration et de ses \u00e9motions dans le strict respect des r\u00e8gles de s\u00e9curit\u00e9, sont plus que largement accessibles \u00e0 tous et \u00e0 toutes.<\/p>\n\n\n\n<figure class=\"wp-block-image size-full is-resized\"><img loading=\"lazy\" decoding=\"async\" width=\"653\" height=\"368\" src=\"https:\/\/club-dpf.fr\/wp-content\/uploads\/2017\/11\/20161208_175726.jpg\" alt=\"Cible Arbal\u00e8te\" class=\"wp-image-897\" style=\"aspect-ratio:1.7744565217391304;width:282px;height:auto\" srcset=\"https:\/\/club-dpf.fr\/wp-content\/uploads\/2017\/11\/20161208_175726.jpg 653w, https:\/\/club-dpf.fr\/wp-content\/uploads\/2017\/11\/20161208_175726-300x169.jpg 300w\" sizes=\"auto, (max-width: 653px) 100vw, 653px\" \/><\/figure>\n<\/div>\n\n\n\n<hr class=\"wp-block-separator has-alpha-channel-opacity\"\/>\n\n\n\n<h2 class=\"wp-block-heading\">Adh\u00e9sions<\/h2>\n\n\n\n<h3 class=\"wp-block-heading\">Tarifs<\/h3>\n\n\n\n<p>Tarifs valables pour la saison 2024-2025 :<\/p>\n\n\n\n<figure class=\"wp-block-table is-style-stripes\"><table><tbody><tr><td>Droit d&rsquo;entr\u00e9e (uniquement la premi\u00e8re ann\u00e9e et pour les plus de 20 ans)<\/td><td class=\"has-text-align-right\" data-align=\"right\">90,00 \u20ac<\/td><\/tr><tr><td>Licence (&gt; 20 ans)<\/td><td class=\"has-text-align-right\" data-align=\"right\">180,00 \u20ac<\/td><\/tr><tr><td>Licence (&lt; 20 ans au 31\/12\/2024)<\/td><td class=\"has-text-align-right\" data-align=\"right\">130,00 \u20ac<\/td><\/tr><tr><td>Second club<\/td><td class=\"has-text-align-right\" data-align=\"right\">95,00 \u20ac<\/td><\/tr><\/tbody><\/table><\/figure>\n\n\n\n<p>Pour les jeunes, l\u2019association est \u00e9ligible au <a rel=\"noreferrer noopener\" href=\"https:\/\/www.education.gouv.fr\/le-pass-sport-323333\" target=\"_blank\">Pass\u2019Sport<\/a> (50\u20ac) et au <a rel=\"noreferrer noopener\" href=\"https:\/\/www.dardilly.fr\/culture\/carte-pass-sport-culture\" target=\"_blank\">Pass\u2019Sport Culture<\/a> de Dardilly (35\u20ac). <strong>Montants donn\u00e9s \u00e0 tritre indicatif pour la saison 2023-2024.<\/strong><\/p>\n\n\n\n<h3 class=\"wp-block-heading\">D\u00e9composition<\/h3>\n\n\n\n<figure class=\"wp-block-table is-style-stripes\"><table><tbody><tr><td><\/td><td class=\"has-text-align-center\" data-align=\"center\"><strong>Adulte<\/strong><\/td><td class=\"has-text-align-center\" data-align=\"center\"><strong>Jeune (&lt;20 ans)<\/strong><\/td><td class=\"has-text-align-center\" data-align=\"center\"><strong>Second club<\/strong><\/td><\/tr><tr><td>F\u00e9d\u00e9ration Fran\u00e7aise de Tir<\/td><td class=\"has-text-align-center\" data-align=\"center\">60,00 \u20ac<\/td><td class=\"has-text-align-center\" data-align=\"center\">41,00 \u20ac<\/td><td class=\"has-text-align-center\" data-align=\"center\">&#8211;<\/td><\/tr><tr><td>Ligue r\u00e9gionale de Tir<\/td><td class=\"has-text-align-center\" data-align=\"center\">27,00 \u20ac<\/td><td class=\"has-text-align-center\" data-align=\"center\">15,00 \u20ac<\/td><td class=\"has-text-align-center\" data-align=\"center\">&#8211;<\/td><\/tr><tr><td>Comit\u00e9 D\u00e9partemental<\/td><td class=\"has-text-align-center\" data-align=\"center\">3,50 \u20ac<\/td><td class=\"has-text-align-center\" data-align=\"center\">3,50 \u20ac<\/td><td class=\"has-text-align-center\" data-align=\"center\">&#8211;<\/td><\/tr><tr><td><strong>Club DPF<\/strong><\/td><td class=\"has-text-align-center\" data-align=\"center\"><strong>89,50 \u20ac<\/strong><\/td><td class=\"has-text-align-center\" data-align=\"center\"><strong>70,50 \u20ac<\/strong><\/td><td class=\"has-text-align-center\" data-align=\"center\"><strong>95,00 \u20ac<\/strong><\/td><\/tr><tr><td><strong>Co\u00fbt Total<\/strong><\/td><td class=\"has-text-align-center\" data-align=\"center\"><strong>180,00 \u20ac<\/strong><\/td><td class=\"has-text-align-center\" data-align=\"center\"><strong>130,00 \u20ac<\/strong><\/td><td class=\"has-text-align-center\" data-align=\"center\"><strong>95,00 \u20ac<\/strong><\/td><\/tr><\/tbody><\/table><\/figure>\n\n\n\n<div class=\"wp-block-media-text is-stacked-on-mobile\"><figure class=\"wp-block-media-text__media\"><img loading=\"lazy\" decoding=\"async\" width=\"615\" height=\"346\" src=\"https:\/\/club-dpf.fr\/wp-content\/uploads\/2017\/09\/DSC_0496.jpg\" alt=\"Cabane 25\/50m\" class=\"wp-image-925 size-full\" srcset=\"https:\/\/club-dpf.fr\/wp-content\/uploads\/2017\/09\/DSC_0496.jpg 615w, https:\/\/club-dpf.fr\/wp-content\/uploads\/2017\/09\/DSC_0496-300x169.jpg 300w\" sizes=\"auto, (max-width: 615px) 100vw, 615px\" \/><\/figure><div class=\"wp-block-media-text__content\">\n<p>Ce montant comprend \u00e9galement, les encadrants, et le libre acc\u00e8s \u00e0 nos installations&nbsp; dans le cadre des horaires d&rsquo;ouverture des stands. <em>Une caution de 20 \u20ac (encaiss\u00e9e) sera demand\u00e9e compl\u00e9mentairement contre la d\u00e9livrance d&rsquo;un badge \u00e9lectronique permettant d\u2019acc\u00e9der \u00e0 l&rsquo;int\u00e9rieur du Fort et \u00e0 certaines de nos installations.<\/em><\/p>\n<\/div><\/div>\n\n\n\n<hr class=\"wp-block-separator has-alpha-channel-opacity\"\/>\n\n\n\n<h2 class=\"wp-block-heading\">Armes<\/h2>\n\n\n\n<p>Le club dispose d&rsquo;armes \u00e0 air comprim\u00e9, pour le 10m (pistolet et carabine), ainsi que des armes 22lr pour le 25m\/50m (pistolet, revolver et carabine)<\/p>\n\n\n\n<h3 class=\"wp-block-heading\">Tarifs<\/h3>\n\n\n\n<p>Les armes du club sont en libre service pour les jeunes (&lt; 20 ans).<\/p>\n\n\n\n<p>Un forfait de 2 \u20ac est demand\u00e9 pour les adultes \u00e0 chaque session de tir, apr\u00e8s 1 an de pr\u00e9sence au club.<\/p>\n\n\n\n<p class=\"has-text-align-left\">Les consommables, cibles, plombs et munition 22lr peuvent \u00eatre achet\u00e9s sur place.<\/p>\n","protected":false},"excerpt":{"rendered":"<p>Comme beaucoup de clubs de tir sportif, nous avons tr\u00e8s peu de places qui se lib\u00e8rent en d\u00e9but de saison.Une liste d&rsquo;attente a \u00e9t\u00e9 mise en place. Afin de vous inscrire sur cette liste, vous devrez nous retourner le dossier d&rsquo;inscription complet. N&rsquo;h\u00e9sitez pas \u00e0 nous contact par email afin que l&rsquo;on puisse vous le &hellip; <\/p>\n<p class=\"link-more\"><a href=\"https:\/\/club-dpf.fr\/\" class=\"more-link\">Continuer la lecture<span class=\"screen-reader-text\"> de &laquo;&nbsp;Accueil&nbsp;&raquo;<\/span><\/a><\/p>\n","protected":false},"author":1,"featured_media":0,"parent":0,"menu_order":0,"comment_status":"closed","ping_status":"closed","template":"","meta":{"footnotes":""},"class_list":["post-7","page","type-page","status-publish","hentry"],"_links":{"self":[{"href":"https:\/\/club-dpf.fr\/index.php?rest_route=\/wp\/v2\/pages\/7","targetHints":{"allow":["GET"]}}],"collection":[{"href":"https:\/\/club-dpf.fr\/index.php?rest_route=\/wp\/v2\/pages"}],"about":[{"href":"https:\/\/club-dpf.fr\/index.php?rest_route=\/wp\/v2\/types\/page"}],"author":[{"embeddable":true,"href":"https:\/\/club-dpf.fr\/index.php?rest_route=\/wp\/v2\/users\/1"}],"replies":[{"embeddable":true,"href":"https:\/\/club-dpf.fr\/index.php?rest_route=%2Fwp%2Fv2%2Fcomments&post=7"}],"version-history":[{"count":11,"href":"https:\/\/club-dpf.fr\/index.php?rest_route=\/wp\/v2\/pages\/7\/revisions"}],"predecessor-version":[{"id":1390,"href":"https:\/\/club-dpf.fr\/index.php?rest_route=\/wp\/v2\/pages\/7\/revisions\/1390"}],"wp:attachment":[{"href":"https:\/\/club-dpf.fr\/index.php?rest_route=%2Fwp%2Fv2%2Fmedia&parent=7"}],"curies":[{"name":"wp","href":"https:\/\/api.w.org\/{rel}","templated":true}]}}