{"id":9,"date":"2017-09-11T22:02:27","date_gmt":"2017-09-11T20:02:27","guid":{"rendered":"https:\/\/club-dpf.fr\/?page_id=9"},"modified":"2026-03-13T10:29:17","modified_gmt":"2026-03-13T09:29:17","slug":"contact","status":"publish","type":"page","link":"https:\/\/club-dpf.fr\/?page_id=9","title":{"rendered":"Contact"},"content":{"rendered":"<p><em><strong>Pour nous joindre\u00a0 :\u00a0\u00a0<\/strong><\/em><\/p>\n<p style=\"padding-left: 180px;\">&#8211; Par mail : <a href=\"mailto:club.dpf@gmail.com\">club.dpf@gmail.com<\/a><\/p>\n<p style=\"padding-left: 180px;\"><span style=\"color: #ff9900;\"><strong>INFORMATION:<br \/>\nNous avons chang\u00e9 d&rsquo;adresse email,<br \/>\nl&rsquo;ancienne n&rsquo;est plus active (<del>club.dpf@free.fr<\/del>)<\/strong><\/span><\/p>\n<p><em><strong>Pour venir au club :<\/strong> <\/em><\/p>\n<p>Horaires d&rsquo;ouverture :<\/p>\n<p style=\"padding-left: 180px;\">&#8211; Mercredi de 17 h \u00e0 19 h au stand 10m<br \/>\n&#8211; Jeudi de 17 h \u00e0 19 h au stand 10m<br \/>\n&#8211; Vendredi de 19 h \u00e0 20 h au stand 10m<br \/>\n&#8211; Samedi de 9 h \u00e0 11 h aux stands 18m, 25 et 50 m<br \/>\n&#8211; Samedi de 10 h \u00e0 11 h au stand 10 m<\/p>\n<p>La grille d&rsquo;entr\u00e9e du Fort est ferm\u00e9e et un badge \u00e9lectronique est n\u00e9cessaire pour l&rsquo;ouvrir.<\/p>\n<p><em><strong>Plan d&rsquo;acc\u00e8s au fort :<\/strong><\/em><br \/>\nDepuis la route de la Tour de Salvagny, on passe devant le boulodrome de Dardilly et l&rsquo;arr\u00eat TCL \u00ab\u00a0Ligne 3 &#8211; Le Paillet\u00a0\u00bb<br \/>\nTourner juste apr\u00e8s le parking dans le \u00ab\u00a0Chemin du Fort\u00a0\u00bb et remonter sur 300m<br \/>\nLe chemin se s\u00e9pare en 3 au niveau du parking : Prendre l&rsquo;impasse du milieu.<br \/>\nLe second parking est \u00e0 100m \u00e0 gauche. Le fort est au fond de l&rsquo;impasse.<\/p>\n<p><img decoding=\"async\" src=\"http:\/\/club.dpf.free.fr\/images\/acces_fort.jpg\" alt=\"Histoire du fort\" \/><\/p>\n<p><em><strong>Plan d&rsquo;acc\u00e8s au fort du Paillet &#8211; Dardilly<\/strong><\/em><\/p>\n<p><img decoding=\"async\" src=\"http:\/\/club.dpf.free.fr\/images\/plan_acces.jpg\" alt=\"Plan d'acces\" \/><\/p>\n<p><strong><em>Plan d&rsquo;acc\u00e8s aux diff\u00e9rents stands \u00e0 l&rsquo;int\u00e9rieur du Fort :<\/em><\/strong><\/p>\n<p><img loading=\"lazy\" decoding=\"async\" class=\"size-medium wp-image-965 alignleft\" src=\"https:\/\/club-dpf.fr\/wp-content\/uploads\/2017\/11\/plan-Fort-du-Paillet-212x300.jpg\" alt=\"\" width=\"212\" height=\"300\" srcset=\"https:\/\/club-dpf.fr\/wp-content\/uploads\/2017\/11\/plan-Fort-du-Paillet-212x300.jpg 212w, https:\/\/club-dpf.fr\/wp-content\/uploads\/2017\/11\/plan-Fort-du-Paillet.jpg 374w\" sizes=\"auto, (max-width: 212px) 100vw, 212px\" \/><\/p>\n<p><strong> Stand 10m :<\/strong> premier couloir \u00e0 gauche apr\u00e8s la grille d&rsquo;entr\u00e9e<\/p>\n<p><strong>Salle de convivialit\u00e9, Stand 18m et Stand ext\u00e9rieur 25 et 50m<\/strong> :\u00a0\u00a0\u00a0 au fond de l&rsquo;all\u00e9e principale du fort<\/p>\n","protected":false},"excerpt":{"rendered":"<p>Pour nous joindre\u00a0 :\u00a0\u00a0 &#8211; Par mail : club.dpf@gmail.com INFORMATION: Nous avons chang\u00e9 d&rsquo;adresse email, l&rsquo;ancienne n&rsquo;est plus active (club.dpf@free.fr) Pour venir au club : Horaires d&rsquo;ouverture : &#8211; Mercredi de 17 h \u00e0 19 h au stand 10m &#8211; Jeudi de 17 h \u00e0 19 h au stand 10m &#8211; Vendredi de 19 h &hellip; <\/p>\n<p class=\"link-more\"><a href=\"https:\/\/club-dpf.fr\/?page_id=9\" class=\"more-link\">Continuer la lecture<span class=\"screen-reader-text\"> de &laquo;&nbsp;Contact&nbsp;&raquo;<\/span><\/a><\/p>\n","protected":false},"author":1,"featured_media":0,"parent":0,"menu_order":0,"comment_status":"closed","ping_status":"closed","template":"","meta":{"footnotes":""},"class_list":["post-9","page","type-page","status-publish","hentry"],"_links":{"self":[{"href":"https:\/\/club-dpf.fr\/index.php?rest_route=\/wp\/v2\/pages\/9","targetHints":{"allow":["GET"]}}],"collection":[{"href":"https:\/\/club-dpf.fr\/index.php?rest_route=\/wp\/v2\/pages"}],"about":[{"href":"https:\/\/club-dpf.fr\/index.php?rest_route=\/wp\/v2\/types\/page"}],"author":[{"embeddable":true,"href":"https:\/\/club-dpf.fr\/index.php?rest_route=\/wp\/v2\/users\/1"}],"replies":[{"embeddable":true,"href":"https:\/\/club-dpf.fr\/index.php?rest_route=%2Fwp%2Fv2%2Fcomments&post=9"}],"version-history":[{"count":12,"href":"https:\/\/club-dpf.fr\/index.php?rest_route=\/wp\/v2\/pages\/9\/revisions"}],"predecessor-version":[{"id":1415,"href":"https:\/\/club-dpf.fr\/index.php?rest_route=\/wp\/v2\/pages\/9\/revisions\/1415"}],"wp:attachment":[{"href":"https:\/\/club-dpf.fr\/index.php?rest_route=%2Fwp%2Fv2%2Fmedia&parent=9"}],"curies":[{"name":"wp","href":"https:\/\/api.w.org\/{rel}","templated":true}]}}